{"id":10841,"date":"2023-06-20T12:54:47","date_gmt":"2023-06-20T10:54:47","guid":{"rendered":"https:\/\/www.rhk-energy.com\/veszhelyzeti-kapcsolattarto\/"},"modified":"2024-03-18T09:08:53","modified_gmt":"2024-03-18T08:08:53","slug":"veszhelyzeti-kapcsolattarto","status":"publish","type":"page","link":"https:\/\/www.rhk-energy.com\/hu\/veszhelyzeti-kapcsolattarto\/","title":{"rendered":"V\u00e9szhelyzeti kapcsolattart\u00f3"},"content":{"rendered":"\t\t<div data-elementor-type=\"wp-page\" data-elementor-id=\"10841\" class=\"elementor elementor-10841 elementor-10506\" data-elementor-post-type=\"page\">\n\t\t\t\t\t\t<section class=\"elementor-section elementor-top-section elementor-element elementor-element-cdc7d99 elementor-reverse-tablet elementor-reverse-mobile elementor-section-height-min-height elementor-section-boxed elementor-section-height-default elementor-section-items-middle\" data-id=\"cdc7d99\" data-element_type=\"section\" data-e-type=\"section\" data-settings=\"{&quot;background_background&quot;:&quot;classic&quot;}\">\n\t\t\t\t\t\t\t<div class=\"elementor-background-overlay\"><\/div>\n\t\t\t\t\t\t\t<div class=\"elementor-container elementor-column-gap-wider\">\n\t\t\t\t\t<div class=\"elementor-column elementor-col-100 elementor-top-column elementor-element elementor-element-772ed7f\" data-id=\"772ed7f\" data-element_type=\"column\" data-e-type=\"column\">\n\t\t\t<div class=\"elementor-widget-wrap elementor-element-populated\">\n\t\t\t\t\t\t<div class=\"elementor-element elementor-element-1069615 elementor-widget elementor-widget-heading\" data-id=\"1069615\" data-element_type=\"widget\" data-e-type=\"widget\" data-widget_type=\"heading.default\">\n\t\t\t\t\t<h2 class=\"elementor-heading-title elementor-size-default\">Kapcsolatfelv\u00e9tel nyitvatart\u00e1si id\u0151n k\u00edv\u00fcl.<\/h2>\t\t\t\t<\/div>\n\t\t\t\t\t<\/div>\n\t\t<\/div>\n\t\t\t\t\t<\/div>\n\t\t<\/section>\n\t\t\t\t<section class=\"elementor-section elementor-top-section elementor-element elementor-element-5e25700 elementor-section-boxed elementor-section-height-default elementor-section-height-default\" data-id=\"5e25700\" data-element_type=\"section\" data-e-type=\"section\" data-settings=\"{&quot;background_background&quot;:&quot;classic&quot;}\">\n\t\t\t\t\t\t<div class=\"elementor-container elementor-column-gap-wider\">\n\t\t\t\t\t<div class=\"elementor-column elementor-col-50 elementor-top-column elementor-element elementor-element-48b6610\" data-id=\"48b6610\" data-element_type=\"column\" data-e-type=\"column\" data-settings=\"{&quot;background_background&quot;:&quot;classic&quot;}\">\n\t\t\t<div class=\"elementor-widget-wrap elementor-element-populated\">\n\t\t\t\t\t\t<div class=\"elementor-element elementor-element-ccd210f elementor-widget elementor-widget-spacer\" data-id=\"ccd210f\" data-element_type=\"widget\" data-e-type=\"widget\" data-widget_type=\"spacer.default\">\n\t\t\t\t\t\t\t<div class=\"elementor-spacer\">\n\t\t\t<div class=\"elementor-spacer-inner\"><\/div>\n\t\t<\/div>\n\t\t\t\t\t\t<\/div>\n\t\t\t\t<div class=\"elementor-element elementor-element-482e651 content-align-center icon-position-top icon-vertical-align-center icon-box-vertical-align-top elementor-widget elementor-widget-the7_icon_box_widget\" data-id=\"482e651\" data-element_type=\"widget\" data-e-type=\"widget\" data-widget_type=\"the7_icon_box_widget.default\">\n\t\t\t\t<div class=\"elementor-widget-container\">\n\t\t\t\t\t\n\t\t<div class=\"the7-box-wrapper the7-elementor-widget the7_icon_box_widget-482e651\">\t\t\t<div class=\"box-content-wrapper\">\n\t\t\t\t\t\t\t\t\t<a class=\"elementor-icon-div\" href=\"http:\/\/office@rhk-energy.com\">\t\t\t\t\t\t<div class=\"elementor-icon\">\n\t\t\t\t\t\t\t<svg aria-hidden=\"true\" class=\"e-font-icon-svg e-far-envelope\" viewBox=\"0 0 512 512\" xmlns=\"http:\/\/www.w3.org\/2000\/svg\"><path d=\"M464 64H48C21.49 64 0 85.49 0 112v288c0 26.51 21.49 48 48 48h416c26.51 0 48-21.49 48-48V112c0-26.51-21.49-48-48-48zm0 48v40.805c-22.422 18.259-58.168 46.651-134.587 106.49-16.841 13.247-50.201 45.072-73.413 44.701-23.208.375-56.579-31.459-73.413-44.701C106.18 199.465 70.425 171.067 48 152.805V112h416zM48 400V214.398c22.914 18.251 55.409 43.862 104.938 82.646 21.857 17.205 60.134 55.186 103.062 54.955 42.717.231 80.509-37.199 103.053-54.947 49.528-38.783 82.032-64.401 104.947-82.653V400H48z\"><\/path><\/svg>\t\t\t\t\t\t<\/div>\n\t\t\t\t\t<\/a>\t\t\t\t\t\t\t\t<div class=\"box-content\">\n\t\t\t\t\t\t\t\t\t\t\t\t\t\t\t\t\t<h4 class=\"box-heading\">\n\t\t\t\t\t\t\t<a href=\"http:\/\/office@rhk-energy.com\">\t\t\t\t\t\t\t\t\u00cdrjon nek\u00fcnk!\t\t\t\t\t\t\t<\/a>\t\t\t\t\t\t<\/h4>\n\t\t\t\t\t\t\t\t\t\t\n\t\t\t\t\t\n\t\t\t\t<\/div>\n\t\t\t<\/div>\n\t\t<\/div>\t\t\t\t\t<\/div>\n\t\t\t\t<\/div>\n\t\t\t\t<div class=\"elementor-element elementor-element-bc86b4b elementor-widget elementor-widget-text-editor\" data-id=\"bc86b4b\" data-element_type=\"widget\" data-e-type=\"widget\" data-widget_type=\"text-editor.default\">\n\t\t\t\t\t\t\t\t\t<p><strong>Szolg\u00e1ltat\u00e1s:<\/strong><a href=\"mailto:tamas.kalmar@rhk-energy.com\"> tamas.kalmar@rhk-energy.com<\/a><\/p>\t\t\t\t\t\t\t\t<\/div>\n\t\t\t\t<div class=\"elementor-element elementor-element-d8076d6 elementor-widget elementor-widget-spacer\" data-id=\"d8076d6\" data-element_type=\"widget\" data-e-type=\"widget\" data-widget_type=\"spacer.default\">\n\t\t\t\t\t\t\t<div class=\"elementor-spacer\">\n\t\t\t<div class=\"elementor-spacer-inner\"><\/div>\n\t\t<\/div>\n\t\t\t\t\t\t<\/div>\n\t\t\t\t\t<\/div>\n\t\t<\/div>\n\t\t\t\t<div class=\"elementor-column elementor-col-50 elementor-top-column elementor-element elementor-element-8b50d30\" data-id=\"8b50d30\" data-element_type=\"column\" data-e-type=\"column\">\n\t\t\t<div class=\"elementor-widget-wrap elementor-element-populated\">\n\t\t\t\t\t\t<div class=\"elementor-element elementor-element-3d9e8af elementor-widget elementor-widget-spacer\" data-id=\"3d9e8af\" data-element_type=\"widget\" data-e-type=\"widget\" data-widget_type=\"spacer.default\">\n\t\t\t\t\t\t\t<div class=\"elementor-spacer\">\n\t\t\t<div class=\"elementor-spacer-inner\"><\/div>\n\t\t<\/div>\n\t\t\t\t\t\t<\/div>\n\t\t\t\t<div class=\"elementor-element elementor-element-ba8842f content-align-center icon-position-top icon-vertical-align-center icon-box-vertical-align-top elementor-widget elementor-widget-the7_icon_box_widget\" data-id=\"ba8842f\" data-element_type=\"widget\" data-e-type=\"widget\" data-widget_type=\"the7_icon_box_widget.default\">\n\t\t\t\t<div class=\"elementor-widget-container\">\n\t\t\t\t\t\n\t\t<div class=\"the7-box-wrapper the7-elementor-widget the7_icon_box_widget-ba8842f\">\t\t\t<div class=\"box-content-wrapper\">\n\t\t\t\t\t\t\t\t\t<a class=\"elementor-icon-div\" >\t\t\t\t\t\t<div class=\"elementor-icon\">\n\t\t\t\t\t\t\t<svg aria-hidden=\"true\" class=\"e-font-icon-svg e-fas-phone-alt\" viewBox=\"0 0 512 512\" xmlns=\"http:\/\/www.w3.org\/2000\/svg\"><path d=\"M497.39 361.8l-112-48a24 24 0 0 0-28 6.9l-49.6 60.6A370.66 370.66 0 0 1 130.6 204.11l60.6-49.6a23.94 23.94 0 0 0 6.9-28l-48-112A24.16 24.16 0 0 0 122.6.61l-104 24A24 24 0 0 0 0 48c0 256.5 207.9 464 464 464a24 24 0 0 0 23.4-18.6l24-104a24.29 24.29 0 0 0-14.01-27.6z\"><\/path><\/svg>\t\t\t\t\t\t<\/div>\n\t\t\t\t\t<\/a>\t\t\t\t\t\t\t\t<div class=\"box-content\">\n\t\t\t\t\t\t\t\t\t\t\t\t\t\t\t\t\t<h4 class=\"box-heading\">\n\t\t\t\t\t\t\t<a >\t\t\t\t\t\t\t\tH\u00edvjon minket!\t\t\t\t\t\t\t<\/a>\t\t\t\t\t\t<\/h4>\n\t\t\t\t\t\t\t\t\t\t\t\t\t\t\t\t<div class=\"box-description\">+36 70 602 27 73<\/div>\n\t\t\t\t\t\n\t\t\t\t\t\n\t\t\t\t<\/div>\n\t\t\t<\/div>\n\t\t<\/div>\t\t\t\t\t<\/div>\n\t\t\t\t<\/div>\n\t\t\t\t<div class=\"elementor-element elementor-element-c9be639 elementor-widget elementor-widget-spacer\" data-id=\"c9be639\" data-element_type=\"widget\" data-e-type=\"widget\" data-widget_type=\"spacer.default\">\n\t\t\t\t\t\t\t<div class=\"elementor-spacer\">\n\t\t\t<div class=\"elementor-spacer-inner\"><\/div>\n\t\t<\/div>\n\t\t\t\t\t\t<\/div>\n\t\t\t\t\t<\/div>\n\t\t<\/div>\n\t\t\t\t\t<\/div>\n\t\t<\/section>\n\t\t\t\t<section class=\"elementor-section elementor-top-section elementor-element elementor-element-5223363 elementor-section-boxed elementor-section-height-default elementor-section-height-default\" data-id=\"5223363\" data-element_type=\"section\" data-e-type=\"section\" data-settings=\"{&quot;background_background&quot;:&quot;classic&quot;}\">\n\t\t\t\t\t\t<div class=\"elementor-container elementor-column-gap-wider\">\n\t\t\t\t\t<div class=\"elementor-column elementor-col-50 elementor-top-column elementor-element elementor-element-021fecc\" data-id=\"021fecc\" data-element_type=\"column\" data-e-type=\"column\">\n\t\t\t<div class=\"elementor-widget-wrap elementor-element-populated\">\n\t\t\t\t\t\t<div class=\"elementor-element elementor-element-6d5150b elementor-widget elementor-widget-spacer\" data-id=\"6d5150b\" data-element_type=\"widget\" data-e-type=\"widget\" data-widget_type=\"spacer.default\">\n\t\t\t\t\t\t\t<div class=\"elementor-spacer\">\n\t\t\t<div class=\"elementor-spacer-inner\"><\/div>\n\t\t<\/div>\n\t\t\t\t\t\t<\/div>\n\t\t\t\t<div class=\"elementor-element elementor-element-7313b2e content-align-center icon-position-top icon-vertical-align-center icon-box-vertical-align-top elementor-widget elementor-widget-the7_icon_box_widget\" data-id=\"7313b2e\" data-element_type=\"widget\" data-e-type=\"widget\" data-widget_type=\"the7_icon_box_widget.default\">\n\t\t\t\t<div class=\"elementor-widget-container\">\n\t\t\t\t\t\n\t\t<div class=\"the7-box-wrapper the7-elementor-widget the7_icon_box_widget-7313b2e\">\t\t\t<div class=\"box-content-wrapper\">\n\t\t\t\t\t\t\t\t\t<a class=\"elementor-icon-div\" >\t\t\t\t\t\t<div class=\"elementor-icon\">\n\t\t\t\t\t\t\t<svg aria-hidden=\"true\" class=\"e-font-icon-svg e-far-map\" viewBox=\"0 0 576 512\" xmlns=\"http:\/\/www.w3.org\/2000\/svg\"><path d=\"M560.02 32c-1.96 0-3.98.37-5.96 1.16L384.01 96H384L212 35.28A64.252 64.252 0 0 0 191.76 32c-6.69 0-13.37 1.05-19.81 3.14L20.12 87.95A32.006 32.006 0 0 0 0 117.66v346.32C0 473.17 7.53 480 15.99 480c1.96 0 3.97-.37 5.96-1.16L192 416l172 60.71a63.98 63.98 0 0 0 40.05.15l151.83-52.81A31.996 31.996 0 0 0 576 394.34V48.02c0-9.19-7.53-16.02-15.98-16.02zM224 90.42l128 45.19v285.97l-128-45.19V90.42zM48 418.05V129.07l128-44.53v286.2l-.64.23L48 418.05zm480-35.13l-128 44.53V141.26l.64-.24L528 93.95v288.97z\"><\/path><\/svg>\t\t\t\t\t\t<\/div>\n\t\t\t\t\t<\/a>\t\t\t\t\t\t\t\t<div class=\"box-content\">\n\t\t\t\t\t\t\t\t\t\t\t\t\t\t\t\t\t<h4 class=\"box-heading\">\n\t\t\t\t\t\t\t<a >\t\t\t\t\t\t\t\tC\u00edm\t\t\t\t\t\t\t<\/a>\t\t\t\t\t\t<\/h4>\n\t\t\t\t\t\t\t\t\t\t\t\t\t\t\t\t<div class=\"box-description\">RHK Energy Solutions Kft  <br>  Montevideo utca 16\/a  <br>  HU-1037 Budapest<\/div>\n\t\t\t\t\t\n\t\t\t\t\t\n\t\t\t\t<\/div>\n\t\t\t<\/div>\n\t\t<\/div>\t\t\t\t\t<\/div>\n\t\t\t\t<\/div>\n\t\t\t\t<div class=\"elementor-element elementor-element-4592561 elementor-widget elementor-widget-spacer\" data-id=\"4592561\" data-element_type=\"widget\" data-e-type=\"widget\" data-widget_type=\"spacer.default\">\n\t\t\t\t\t\t\t<div class=\"elementor-spacer\">\n\t\t\t<div class=\"elementor-spacer-inner\"><\/div>\n\t\t<\/div>\n\t\t\t\t\t\t<\/div>\n\t\t\t\t\t<\/div>\n\t\t<\/div>\n\t\t\t\t<div class=\"elementor-column elementor-col-50 elementor-top-column elementor-element elementor-element-6dd5f2f\" data-id=\"6dd5f2f\" data-element_type=\"column\" data-e-type=\"column\">\n\t\t\t<div class=\"elementor-widget-wrap elementor-element-populated\">\n\t\t\t\t\t\t<div class=\"elementor-element elementor-element-8cf8094 elementor-widget elementor-widget-google_maps\" data-id=\"8cf8094\" data-element_type=\"widget\" data-e-type=\"widget\" data-widget_type=\"google_maps.default\">\n\t\t\t\t\t\t\t<div class=\"elementor-custom-embed\">\n\t\t\t <div class=\"brlbs-cmpnt-container brlbs-cmpnt-content-blocker brlbs-cmpnt-with-individual-styles\" data-borlabs-cookie-content-blocker-id=\"google-maps\" data-borlabs-cookie-content=\"PGlmcmFtZSBsb2FkaW5nPSJsYXp5IgoJCQkJCXNyYz0iaHR0cHM6Ly9tYXBzLmdvb2dsZS5jb20vbWFwcz9xPU1vbnRldmlkZW8lMjB1dGNhJTIwMTYlMkZhJiMwMzg7dD1tJiMwMzg7ej0xNCYjMDM4O291dHB1dD1lbWJlZCYjMDM4O2l3bG9jPW5lYXIiCgkJCQkJdGl0bGU9Ik1vbnRldmlkZW8gdXRjYSAxNi9hIgoJCQkJCWFyaWEtbGFiZWw9Ik1vbnRldmlkZW8gdXRjYSAxNi9hIgoJCQk+PC9pZnJhbWU+\"><div class=\"brlbs-cmpnt-cb-preset-a\"> <p class=\"brlbs-cmpnt-cb-description\">Az adatv\u00e9delmi be\u00e1ll\u00edt\u00e1sok megakad\u00e1lyozz\u00e1k a Google Maps bet\u00f6lt\u00e9s\u00e9t. A szolg\u00e1ltat\u00e1st aktiv\u00e1lni kell ahhoz, hogy a Google Maps megjelenhessen. Aktiv\u00e1l\u00e1skor az adatok \u00e1tad\u00e1sra ker\u00fclnek a Google \u00e9s partnerei sz\u00e1m\u00e1ra.<\/p> <div class=\"brlbs-cmpnt-cb-buttons\"> <a class=\"brlbs-cmpnt-cb-btn\" href=\"#\" data-borlabs-cookie-accept-service role=\"button\" style=\"display: inherit}\">A Google Maps aktiv\u00e1l\u00e1sa<\/a> <\/div> <a class=\"brlbs-cmpnt-cb-provider-toggle\" href=\"#\" data-borlabs-cookie-show-provider-information role=\"button\">Tov\u00e1bbi inform\u00e1ci\u00f3k<\/a> <\/div><\/div>\n\t\t<\/div>\n\t\t\t\t\t\t<\/div>\n\t\t\t\t\t<\/div>\n\t\t<\/div>\n\t\t\t\t\t<\/div>\n\t\t<\/section>\n\t\t\t\t<\/div>\n\t\t","protected":false},"excerpt":{"rendered":"<p>Kapcsolatfelv\u00e9tel nyitvatart\u00e1si id\u0151n k\u00edv\u00fcl. \u00cdrjon nek\u00fcnk! Szolg\u00e1ltat\u00e1s: tamas.kalmar@rhk-energy.com H\u00edvjon minket! +36 70 602 27 73 C\u00edm RHK Energy Solutions Kft Montevideo utca 16\/a HU-1037 Budapest Az adatv\u00e9delmi be\u00e1ll\u00edt\u00e1sok megakad\u00e1lyozz\u00e1k a Google Maps bet\u00f6lt\u00e9s\u00e9t. A szolg\u00e1ltat\u00e1st aktiv\u00e1lni kell ahhoz, hogy a Google Maps megjelenhessen. Aktiv\u00e1l\u00e1skor az adatok \u00e1tad\u00e1sra ker\u00fclnek a Google \u00e9s partnerei sz\u00e1m\u00e1ra. A Google&hellip;<\/p>\n","protected":false},"author":1,"featured_media":10794,"parent":0,"menu_order":35,"comment_status":"closed","ping_status":"closed","template":"elementor_header_footer","meta":{"footnotes":""},"class_list":["post-10841","page","type-page","status-publish","has-post-thumbnail","hentry"],"yoast_head":"<!-- This site is optimized with the Yoast SEO plugin v27.5 - https:\/\/yoast.com\/product\/yoast-seo-wordpress\/ -->\n<title>V\u00e9szhelyzeti kapcsolattart\u00f3 - RHK Energy Solutions<\/title>\n<meta name=\"description\" content=\"Vegye fel vel\u00fcnk a kapcsolatot! V\u00e1rjuk telefonos vagy \u00edr\u00e1sbeli megkeres\u00e9s\u00e9t, \u00e9s term\u00e9szetesen sz\u00edvesen v\u00e1laszolunk minden k\u00e9rd\u00e9s\u00e9re.\" \/>\n<meta name=\"robots\" content=\"index, follow, max-snippet:-1, max-image-preview:large, max-video-preview:-1\" \/>\n<link rel=\"canonical\" href=\"https:\/\/www.rhk-energy.com\/hu\/veszhelyzeti-kapcsolattarto\/\" \/>\n<meta property=\"og:locale\" content=\"hu_HU\" \/>\n<meta property=\"og:type\" content=\"article\" \/>\n<meta property=\"og:title\" content=\"V\u00e9szhelyzeti kapcsolattart\u00f3 - RHK Energy Solutions\" \/>\n<meta property=\"og:description\" content=\"Vegye fel vel\u00fcnk a kapcsolatot! V\u00e1rjuk telefonos vagy \u00edr\u00e1sbeli megkeres\u00e9s\u00e9t, \u00e9s term\u00e9szetesen sz\u00edvesen v\u00e1laszolunk minden k\u00e9rd\u00e9s\u00e9re.\" \/>\n<meta property=\"og:url\" content=\"https:\/\/www.rhk-energy.com\/hu\/veszhelyzeti-kapcsolattarto\/\" \/>\n<meta property=\"og:site_name\" content=\"RHK Energy Solutions\" \/>\n<meta property=\"article:modified_time\" content=\"2024-03-18T08:08:53+00:00\" \/>\n<meta property=\"og:image\" content=\"https:\/\/www.rhk-energy.com\/wp-content\/uploads\/2023\/03\/019_KW-Wien-Au\u251c\u0192enansicht_02_CMYK-1024x483.png\" \/>\n\t<meta property=\"og:image:width\" content=\"1024\" \/>\n\t<meta property=\"og:image:height\" content=\"483\" \/>\n\t<meta property=\"og:image:type\" content=\"image\/png\" \/>\n<meta name=\"twitter:card\" content=\"summary_large_image\" \/>\n<meta name=\"twitter:label1\" content=\"Becs\u00fclt olvas\u00e1si id\u0151\" \/>\n\t<meta name=\"twitter:data1\" content=\"1 perc\" \/>\n<script type=\"application\/ld+json\" class=\"yoast-schema-graph\">{\"@context\":\"https:\\\/\\\/schema.org\",\"@graph\":[{\"@type\":\"WebPage\",\"@id\":\"https:\\\/\\\/www.rhk-energy.com\\\/hu\\\/veszhelyzeti-kapcsolattarto\\\/\",\"url\":\"https:\\\/\\\/www.rhk-energy.com\\\/hu\\\/veszhelyzeti-kapcsolattarto\\\/\",\"name\":\"V\u00e9szhelyzeti kapcsolattart\u00f3 - RHK Energy Solutions\",\"isPartOf\":{\"@id\":\"https:\\\/\\\/www.rhk-energy.com\\\/hu\\\/#website\"},\"primaryImageOfPage\":{\"@id\":\"https:\\\/\\\/www.rhk-energy.com\\\/hu\\\/veszhelyzeti-kapcsolattarto\\\/#primaryimage\"},\"image\":{\"@id\":\"https:\\\/\\\/www.rhk-energy.com\\\/hu\\\/veszhelyzeti-kapcsolattarto\\\/#primaryimage\"},\"thumbnailUrl\":\"https:\\\/\\\/www.rhk-energy.com\\\/wp-content\\\/uploads\\\/2023\\\/03\\\/019_KW-Wien-Au\u251c\u0192enansicht_02_CMYK.png\",\"datePublished\":\"2023-06-20T10:54:47+00:00\",\"dateModified\":\"2024-03-18T08:08:53+00:00\",\"description\":\"Vegye fel vel\u00fcnk a kapcsolatot! V\u00e1rjuk telefonos vagy \u00edr\u00e1sbeli megkeres\u00e9s\u00e9t, \u00e9s term\u00e9szetesen sz\u00edvesen v\u00e1laszolunk minden k\u00e9rd\u00e9s\u00e9re.\",\"breadcrumb\":{\"@id\":\"https:\\\/\\\/www.rhk-energy.com\\\/hu\\\/veszhelyzeti-kapcsolattarto\\\/#breadcrumb\"},\"inLanguage\":\"hu\",\"potentialAction\":[{\"@type\":\"ReadAction\",\"target\":[\"https:\\\/\\\/www.rhk-energy.com\\\/hu\\\/veszhelyzeti-kapcsolattarto\\\/\"]}]},{\"@type\":\"ImageObject\",\"inLanguage\":\"hu\",\"@id\":\"https:\\\/\\\/www.rhk-energy.com\\\/hu\\\/veszhelyzeti-kapcsolattarto\\\/#primaryimage\",\"url\":\"https:\\\/\\\/www.rhk-energy.com\\\/wp-content\\\/uploads\\\/2023\\\/03\\\/019_KW-Wien-Au\u251c\u0192enansicht_02_CMYK.png\",\"contentUrl\":\"https:\\\/\\\/www.rhk-energy.com\\\/wp-content\\\/uploads\\\/2023\\\/03\\\/019_KW-Wien-Au\u251c\u0192enansicht_02_CMYK.png\",\"width\":3508,\"height\":1654},{\"@type\":\"BreadcrumbList\",\"@id\":\"https:\\\/\\\/www.rhk-energy.com\\\/hu\\\/veszhelyzeti-kapcsolattarto\\\/#breadcrumb\",\"itemListElement\":[{\"@type\":\"ListItem\",\"position\":1,\"name\":\"Startseite\",\"item\":\"https:\\\/\\\/www.rhk-energy.com\\\/hu\\\/\"},{\"@type\":\"ListItem\",\"position\":2,\"name\":\"V\u00e9szhelyzeti kapcsolattart\u00f3\"}]},{\"@type\":\"WebSite\",\"@id\":\"https:\\\/\\\/www.rhk-energy.com\\\/hu\\\/#website\",\"url\":\"https:\\\/\\\/www.rhk-energy.com\\\/hu\\\/\",\"name\":\"RHK Energy Solutions\",\"description\":\"\",\"publisher\":{\"@id\":\"https:\\\/\\\/www.rhk-energy.com\\\/hu\\\/#organization\"},\"potentialAction\":[{\"@type\":\"SearchAction\",\"target\":{\"@type\":\"EntryPoint\",\"urlTemplate\":\"https:\\\/\\\/www.rhk-energy.com\\\/hu\\\/?s={search_term_string}\"},\"query-input\":{\"@type\":\"PropertyValueSpecification\",\"valueRequired\":true,\"valueName\":\"search_term_string\"}}],\"inLanguage\":\"hu\"},{\"@type\":\"Organization\",\"@id\":\"https:\\\/\\\/www.rhk-energy.com\\\/hu\\\/#organization\",\"name\":\"RHK Energy Solutions\",\"url\":\"https:\\\/\\\/www.rhk-energy.com\\\/hu\\\/\",\"logo\":{\"@type\":\"ImageObject\",\"inLanguage\":\"hu\",\"@id\":\"https:\\\/\\\/www.rhk-energy.com\\\/hu\\\/#\\\/schema\\\/logo\\\/image\\\/\",\"url\":\"https:\\\/\\\/www.rhk-energy.com\\\/wp-content\\\/uploads\\\/2023\\\/03\\\/rhk-logo_weiss.png\",\"contentUrl\":\"https:\\\/\\\/www.rhk-energy.com\\\/wp-content\\\/uploads\\\/2023\\\/03\\\/rhk-logo_weiss.png\",\"width\":2500,\"height\":1250,\"caption\":\"RHK Energy Solutions\"},\"image\":{\"@id\":\"https:\\\/\\\/www.rhk-energy.com\\\/hu\\\/#\\\/schema\\\/logo\\\/image\\\/\"}}]}<\/script>\n<!-- \/ Yoast SEO plugin. -->","yoast_head_json":{"title":"V\u00e9szhelyzeti kapcsolattart\u00f3 - RHK Energy Solutions","description":"Vegye fel vel\u00fcnk a kapcsolatot! V\u00e1rjuk telefonos vagy \u00edr\u00e1sbeli megkeres\u00e9s\u00e9t, \u00e9s term\u00e9szetesen sz\u00edvesen v\u00e1laszolunk minden k\u00e9rd\u00e9s\u00e9re.","robots":{"index":"index","follow":"follow","max-snippet":"max-snippet:-1","max-image-preview":"max-image-preview:large","max-video-preview":"max-video-preview:-1"},"canonical":"https:\/\/www.rhk-energy.com\/hu\/veszhelyzeti-kapcsolattarto\/","og_locale":"hu_HU","og_type":"article","og_title":"V\u00e9szhelyzeti kapcsolattart\u00f3 - RHK Energy Solutions","og_description":"Vegye fel vel\u00fcnk a kapcsolatot! V\u00e1rjuk telefonos vagy \u00edr\u00e1sbeli megkeres\u00e9s\u00e9t, \u00e9s term\u00e9szetesen sz\u00edvesen v\u00e1laszolunk minden k\u00e9rd\u00e9s\u00e9re.","og_url":"https:\/\/www.rhk-energy.com\/hu\/veszhelyzeti-kapcsolattarto\/","og_site_name":"RHK Energy Solutions","article_modified_time":"2024-03-18T08:08:53+00:00","og_image":[{"width":1024,"height":483,"url":"https:\/\/www.rhk-energy.com\/wp-content\/uploads\/2023\/03\/019_KW-Wien-Au\u251c\u0192enansicht_02_CMYK-1024x483.png","type":"image\/png"}],"twitter_card":"summary_large_image","twitter_misc":{"Becs\u00fclt olvas\u00e1si id\u0151":"1 perc"},"schema":{"@context":"https:\/\/schema.org","@graph":[{"@type":"WebPage","@id":"https:\/\/www.rhk-energy.com\/hu\/veszhelyzeti-kapcsolattarto\/","url":"https:\/\/www.rhk-energy.com\/hu\/veszhelyzeti-kapcsolattarto\/","name":"V\u00e9szhelyzeti kapcsolattart\u00f3 - RHK Energy Solutions","isPartOf":{"@id":"https:\/\/www.rhk-energy.com\/hu\/#website"},"primaryImageOfPage":{"@id":"https:\/\/www.rhk-energy.com\/hu\/veszhelyzeti-kapcsolattarto\/#primaryimage"},"image":{"@id":"https:\/\/www.rhk-energy.com\/hu\/veszhelyzeti-kapcsolattarto\/#primaryimage"},"thumbnailUrl":"https:\/\/www.rhk-energy.com\/wp-content\/uploads\/2023\/03\/019_KW-Wien-Au\u251c\u0192enansicht_02_CMYK.png","datePublished":"2023-06-20T10:54:47+00:00","dateModified":"2024-03-18T08:08:53+00:00","description":"Vegye fel vel\u00fcnk a kapcsolatot! V\u00e1rjuk telefonos vagy \u00edr\u00e1sbeli megkeres\u00e9s\u00e9t, \u00e9s term\u00e9szetesen sz\u00edvesen v\u00e1laszolunk minden k\u00e9rd\u00e9s\u00e9re.","breadcrumb":{"@id":"https:\/\/www.rhk-energy.com\/hu\/veszhelyzeti-kapcsolattarto\/#breadcrumb"},"inLanguage":"hu","potentialAction":[{"@type":"ReadAction","target":["https:\/\/www.rhk-energy.com\/hu\/veszhelyzeti-kapcsolattarto\/"]}]},{"@type":"ImageObject","inLanguage":"hu","@id":"https:\/\/www.rhk-energy.com\/hu\/veszhelyzeti-kapcsolattarto\/#primaryimage","url":"https:\/\/www.rhk-energy.com\/wp-content\/uploads\/2023\/03\/019_KW-Wien-Au\u251c\u0192enansicht_02_CMYK.png","contentUrl":"https:\/\/www.rhk-energy.com\/wp-content\/uploads\/2023\/03\/019_KW-Wien-Au\u251c\u0192enansicht_02_CMYK.png","width":3508,"height":1654},{"@type":"BreadcrumbList","@id":"https:\/\/www.rhk-energy.com\/hu\/veszhelyzeti-kapcsolattarto\/#breadcrumb","itemListElement":[{"@type":"ListItem","position":1,"name":"Startseite","item":"https:\/\/www.rhk-energy.com\/hu\/"},{"@type":"ListItem","position":2,"name":"V\u00e9szhelyzeti kapcsolattart\u00f3"}]},{"@type":"WebSite","@id":"https:\/\/www.rhk-energy.com\/hu\/#website","url":"https:\/\/www.rhk-energy.com\/hu\/","name":"RHK Energy Solutions","description":"","publisher":{"@id":"https:\/\/www.rhk-energy.com\/hu\/#organization"},"potentialAction":[{"@type":"SearchAction","target":{"@type":"EntryPoint","urlTemplate":"https:\/\/www.rhk-energy.com\/hu\/?s={search_term_string}"},"query-input":{"@type":"PropertyValueSpecification","valueRequired":true,"valueName":"search_term_string"}}],"inLanguage":"hu"},{"@type":"Organization","@id":"https:\/\/www.rhk-energy.com\/hu\/#organization","name":"RHK Energy Solutions","url":"https:\/\/www.rhk-energy.com\/hu\/","logo":{"@type":"ImageObject","inLanguage":"hu","@id":"https:\/\/www.rhk-energy.com\/hu\/#\/schema\/logo\/image\/","url":"https:\/\/www.rhk-energy.com\/wp-content\/uploads\/2023\/03\/rhk-logo_weiss.png","contentUrl":"https:\/\/www.rhk-energy.com\/wp-content\/uploads\/2023\/03\/rhk-logo_weiss.png","width":2500,"height":1250,"caption":"RHK Energy Solutions"},"image":{"@id":"https:\/\/www.rhk-energy.com\/hu\/#\/schema\/logo\/image\/"}}]}},"_links":{"self":[{"href":"https:\/\/www.rhk-energy.com\/hu\/wp-json\/wp\/v2\/pages\/10841","targetHints":{"allow":["GET"]}}],"collection":[{"href":"https:\/\/www.rhk-energy.com\/hu\/wp-json\/wp\/v2\/pages"}],"about":[{"href":"https:\/\/www.rhk-energy.com\/hu\/wp-json\/wp\/v2\/types\/page"}],"author":[{"embeddable":true,"href":"https:\/\/www.rhk-energy.com\/hu\/wp-json\/wp\/v2\/users\/1"}],"replies":[{"embeddable":true,"href":"https:\/\/www.rhk-energy.com\/hu\/wp-json\/wp\/v2\/comments?post=10841"}],"version-history":[{"count":0,"href":"https:\/\/www.rhk-energy.com\/hu\/wp-json\/wp\/v2\/pages\/10841\/revisions"}],"wp:featuredmedia":[{"embeddable":true,"href":"https:\/\/www.rhk-energy.com\/hu\/wp-json\/wp\/v2\/media\/10794"}],"wp:attachment":[{"href":"https:\/\/www.rhk-energy.com\/hu\/wp-json\/wp\/v2\/media?parent=10841"}],"curies":[{"name":"wp","href":"https:\/\/api.w.org\/{rel}","templated":true}]}}