{"id":10896,"date":"2023-03-09T11:45:40","date_gmt":"2023-03-09T10:45:40","guid":{"rendered":"https:\/\/www.rhk-energy.com\/imprimare\/"},"modified":"2024-04-08T10:12:43","modified_gmt":"2024-04-08T08:12:43","slug":"imprimare","status":"publish","type":"page","link":"https:\/\/www.rhk-energy.com\/ro\/imprimare\/","title":{"rendered":"Imprimare"},"content":{"rendered":"\t\t<div data-elementor-type=\"wp-page\" data-elementor-id=\"10896\" class=\"elementor elementor-10896 elementor-7906\" data-elementor-post-type=\"page\">\n\t\t\t\t\t\t<section class=\"elementor-section elementor-top-section elementor-element elementor-element-3e1ff16 elementor-reverse-tablet elementor-reverse-mobile elementor-section-height-min-height elementor-section-boxed elementor-section-height-default elementor-section-items-middle\" data-id=\"3e1ff16\" data-element_type=\"section\" data-e-type=\"section\" data-settings=\"{&quot;background_background&quot;:&quot;classic&quot;}\">\n\t\t\t\t\t\t\t<div class=\"elementor-background-overlay\"><\/div>\n\t\t\t\t\t\t\t<div class=\"elementor-container elementor-column-gap-wider\">\n\t\t\t\t\t<div class=\"elementor-column elementor-col-100 elementor-top-column elementor-element elementor-element-0d6e671\" data-id=\"0d6e671\" data-element_type=\"column\" data-e-type=\"column\">\n\t\t\t<div class=\"elementor-widget-wrap elementor-element-populated\">\n\t\t\t\t\t\t<div class=\"elementor-element elementor-element-0e548c7 elementor-widget elementor-widget-heading\" data-id=\"0e548c7\" data-element_type=\"widget\" data-e-type=\"widget\" data-widget_type=\"heading.default\">\n\t\t\t\t\t<h2 class=\"elementor-heading-title elementor-size-default\">Imprimare<\/h2>\t\t\t\t<\/div>\n\t\t\t\t\t<\/div>\n\t\t<\/div>\n\t\t\t\t\t<\/div>\n\t\t<\/section>\n\t\t\t\t<section class=\"elementor-section elementor-top-section elementor-element elementor-element-b319620 elementor-section-boxed elementor-section-height-default elementor-section-height-default\" data-id=\"b319620\" data-element_type=\"section\" data-e-type=\"section\">\n\t\t\t\t\t\t<div class=\"elementor-container elementor-column-gap-wider\">\n\t\t\t\t\t<div class=\"elementor-column elementor-col-100 elementor-top-column elementor-element elementor-element-1ef8cda\" data-id=\"1ef8cda\" data-element_type=\"column\" data-e-type=\"column\">\n\t\t\t<div class=\"elementor-widget-wrap elementor-element-populated\">\n\t\t\t\t\t\t<div class=\"elementor-element elementor-element-f17fc4d elementor-widget elementor-widget-text-editor\" data-id=\"f17fc4d\" data-element_type=\"widget\" data-e-type=\"widget\" data-widget_type=\"text-editor.default\">\n\t\t\t\t\t\t\t\t\t<p><b>RHK Energy Solutions GmbH<\/b><\/p><p>Forchheimergasse 32<br \/>1230 Viena, Austria<\/p><p>Tel: +43 (0)1 869 4301<br \/>Email: office@rhk-energy.com<\/p><p>Num\u0103rul de \u00eenregistrare al societ\u0103\u021bii: 515014z <br \/>Tribunalul Registrului Comer\u021bului: Viena<br \/>Num\u0103r UID: ATU 74606269<br \/>D-U-N-S: 300590880<br \/>Autoritatea acc. ECG (Legea privind comer\u021bul electronic): Biroul municipal al districtului XXIII. Districtul<\/p><p>Publicarea acc. legisla\u021bia privind comer\u021bul electronic<br \/><a href=\"http:\/\/firmena-z.wko.at\/FirmaInfo5.asp?ss=cc&amp;id=10678&amp;cs=261562972742744370443262311805\" target=\"_blank\" rel=\"noopener\">http:\/\/firmena-z.wko.at<\/a><\/p><p><strong>Drepturi de autor<\/strong><\/p><p>Copyright 2023, RHK Energy Solutions GmbH. Toate drepturile rezervate. Toate textele, imaginile \u0219i elementele grafice, precum \u0219i aranjarea acestora fac obiectul drepturilor de autor \u0219i al altor legi de protec\u021bie a propriet\u0103\u021bii intelectuale. Acestea nu pot fi copiate, modificate sau utilizate pe alte site-uri web. Fotografii: RHK Energy Solutions GmbH, Adobe Stock, Die Br\u00f6slerei Werbeagentur.<\/p><p><span style=\"font-weight: bold;\">Design \u0219i layout de site web<\/span><\/p><p><a href=\"http:\/\/www.diebroeslerei-werbeagentur.at\">Agen\u021bia de publicitate Br\u00f6slerei<\/a>, 2500 Baden, l\u00e2ng\u0103 Viena.<\/p>\t\t\t\t\t\t\t\t<\/div>\n\t\t\t\t\t<\/div>\n\t\t<\/div>\n\t\t\t\t\t<\/div>\n\t\t<\/section>\n\t\t\t\t<\/div>\n\t\t","protected":false},"excerpt":{"rendered":"<p>Imprimare RHK Energy Solutions GmbH Forchheimergasse 321230 Viena, Austria Tel: +43 (0)1 869 4301Email: office@rhk-energy.com Num\u0103rul de \u00eenregistrare al societ\u0103\u021bii: 515014z Tribunalul Registrului Comer\u021bului: VienaNum\u0103r UID: ATU 74606269D-U-N-S: 300590880Autoritatea acc. ECG (Legea privind comer\u021bul electronic): Biroul municipal al districtului XXIII. Districtul Publicarea acc. legisla\u021bia privind comer\u021bul electronichttp:\/\/firmena-z.wko.at Drepturi de autor Copyright 2023, RHK Energy Solutions&hellip;<\/p>\n","protected":false},"author":1,"featured_media":0,"parent":0,"menu_order":990,"comment_status":"closed","ping_status":"closed","template":"elementor_header_footer","meta":{"footnotes":""},"class_list":["post-10896","page","type-page","status-publish","hentry"],"yoast_head":"<!-- This site is optimized with the Yoast SEO plugin v27.5 - https:\/\/yoast.com\/product\/yoast-seo-wordpress\/ -->\n<title>Imprimare - RHK Energy Solutions<\/title>\n<meta name=\"description\" content=\"Afla\u021bi mai multe \u00een amprenta noastr\u0103.\" \/>\n<meta name=\"robots\" content=\"index, follow, max-snippet:-1, max-image-preview:large, max-video-preview:-1\" \/>\n<link rel=\"canonical\" href=\"https:\/\/www.rhk-energy.com\/ro\/imprimare\/\" \/>\n<meta property=\"og:locale\" content=\"ro_RO\" \/>\n<meta property=\"og:type\" content=\"article\" \/>\n<meta property=\"og:title\" content=\"Imprimare - RHK Energy Solutions\" \/>\n<meta property=\"og:description\" content=\"Afla\u021bi mai multe \u00een amprenta noastr\u0103.\" \/>\n<meta property=\"og:url\" content=\"https:\/\/www.rhk-energy.com\/ro\/imprimare\/\" \/>\n<meta property=\"og:site_name\" content=\"RHK Energy Solutions\" \/>\n<meta property=\"article:modified_time\" content=\"2024-04-08T08:12:43+00:00\" \/>\n<meta name=\"twitter:card\" content=\"summary_large_image\" \/>\n<meta name=\"twitter:label1\" content=\"Timp estimat pentru citire\" \/>\n\t<meta name=\"twitter:data1\" content=\"1 minut\" \/>\n<script type=\"application\/ld+json\" class=\"yoast-schema-graph\">{\"@context\":\"https:\\\/\\\/schema.org\",\"@graph\":[{\"@type\":\"WebPage\",\"@id\":\"https:\\\/\\\/www.rhk-energy.com\\\/ro\\\/imprimare\\\/\",\"url\":\"https:\\\/\\\/www.rhk-energy.com\\\/ro\\\/imprimare\\\/\",\"name\":\"Imprimare - RHK Energy Solutions\",\"isPartOf\":{\"@id\":\"https:\\\/\\\/www.rhk-energy.com\\\/ro\\\/#website\"},\"datePublished\":\"2023-03-09T10:45:40+00:00\",\"dateModified\":\"2024-04-08T08:12:43+00:00\",\"description\":\"Afla\u021bi mai multe \u00een amprenta noastr\u0103.\",\"breadcrumb\":{\"@id\":\"https:\\\/\\\/www.rhk-energy.com\\\/ro\\\/imprimare\\\/#breadcrumb\"},\"inLanguage\":\"ro-RO\",\"potentialAction\":[{\"@type\":\"ReadAction\",\"target\":[\"https:\\\/\\\/www.rhk-energy.com\\\/ro\\\/imprimare\\\/\"]}]},{\"@type\":\"BreadcrumbList\",\"@id\":\"https:\\\/\\\/www.rhk-energy.com\\\/ro\\\/imprimare\\\/#breadcrumb\",\"itemListElement\":[{\"@type\":\"ListItem\",\"position\":1,\"name\":\"Startseite\",\"item\":\"https:\\\/\\\/www.rhk-energy.com\\\/ro\\\/\"},{\"@type\":\"ListItem\",\"position\":2,\"name\":\"Imprimare\"}]},{\"@type\":\"WebSite\",\"@id\":\"https:\\\/\\\/www.rhk-energy.com\\\/ro\\\/#website\",\"url\":\"https:\\\/\\\/www.rhk-energy.com\\\/ro\\\/\",\"name\":\"RHK Energy Solutions\",\"description\":\"\",\"publisher\":{\"@id\":\"https:\\\/\\\/www.rhk-energy.com\\\/ro\\\/#organization\"},\"potentialAction\":[{\"@type\":\"SearchAction\",\"target\":{\"@type\":\"EntryPoint\",\"urlTemplate\":\"https:\\\/\\\/www.rhk-energy.com\\\/ro\\\/?s={search_term_string}\"},\"query-input\":{\"@type\":\"PropertyValueSpecification\",\"valueRequired\":true,\"valueName\":\"search_term_string\"}}],\"inLanguage\":\"ro-RO\"},{\"@type\":\"Organization\",\"@id\":\"https:\\\/\\\/www.rhk-energy.com\\\/ro\\\/#organization\",\"name\":\"RHK Energy Solutions\",\"url\":\"https:\\\/\\\/www.rhk-energy.com\\\/ro\\\/\",\"logo\":{\"@type\":\"ImageObject\",\"inLanguage\":\"ro-RO\",\"@id\":\"https:\\\/\\\/www.rhk-energy.com\\\/ro\\\/#\\\/schema\\\/logo\\\/image\\\/\",\"url\":\"https:\\\/\\\/www.rhk-energy.com\\\/wp-content\\\/uploads\\\/2023\\\/03\\\/rhk-logo_weiss.png\",\"contentUrl\":\"https:\\\/\\\/www.rhk-energy.com\\\/wp-content\\\/uploads\\\/2023\\\/03\\\/rhk-logo_weiss.png\",\"width\":2500,\"height\":1250,\"caption\":\"RHK Energy Solutions\"},\"image\":{\"@id\":\"https:\\\/\\\/www.rhk-energy.com\\\/ro\\\/#\\\/schema\\\/logo\\\/image\\\/\"}}]}<\/script>\n<!-- \/ Yoast SEO plugin. -->","yoast_head_json":{"title":"Imprimare - RHK Energy Solutions","description":"Afla\u021bi mai multe \u00een amprenta noastr\u0103.","robots":{"index":"index","follow":"follow","max-snippet":"max-snippet:-1","max-image-preview":"max-image-preview:large","max-video-preview":"max-video-preview:-1"},"canonical":"https:\/\/www.rhk-energy.com\/ro\/imprimare\/","og_locale":"ro_RO","og_type":"article","og_title":"Imprimare - RHK Energy Solutions","og_description":"Afla\u021bi mai multe \u00een amprenta noastr\u0103.","og_url":"https:\/\/www.rhk-energy.com\/ro\/imprimare\/","og_site_name":"RHK Energy Solutions","article_modified_time":"2024-04-08T08:12:43+00:00","twitter_card":"summary_large_image","twitter_misc":{"Timp estimat pentru citire":"1 minut"},"schema":{"@context":"https:\/\/schema.org","@graph":[{"@type":"WebPage","@id":"https:\/\/www.rhk-energy.com\/ro\/imprimare\/","url":"https:\/\/www.rhk-energy.com\/ro\/imprimare\/","name":"Imprimare - RHK Energy Solutions","isPartOf":{"@id":"https:\/\/www.rhk-energy.com\/ro\/#website"},"datePublished":"2023-03-09T10:45:40+00:00","dateModified":"2024-04-08T08:12:43+00:00","description":"Afla\u021bi mai multe \u00een amprenta noastr\u0103.","breadcrumb":{"@id":"https:\/\/www.rhk-energy.com\/ro\/imprimare\/#breadcrumb"},"inLanguage":"ro-RO","potentialAction":[{"@type":"ReadAction","target":["https:\/\/www.rhk-energy.com\/ro\/imprimare\/"]}]},{"@type":"BreadcrumbList","@id":"https:\/\/www.rhk-energy.com\/ro\/imprimare\/#breadcrumb","itemListElement":[{"@type":"ListItem","position":1,"name":"Startseite","item":"https:\/\/www.rhk-energy.com\/ro\/"},{"@type":"ListItem","position":2,"name":"Imprimare"}]},{"@type":"WebSite","@id":"https:\/\/www.rhk-energy.com\/ro\/#website","url":"https:\/\/www.rhk-energy.com\/ro\/","name":"RHK Energy Solutions","description":"","publisher":{"@id":"https:\/\/www.rhk-energy.com\/ro\/#organization"},"potentialAction":[{"@type":"SearchAction","target":{"@type":"EntryPoint","urlTemplate":"https:\/\/www.rhk-energy.com\/ro\/?s={search_term_string}"},"query-input":{"@type":"PropertyValueSpecification","valueRequired":true,"valueName":"search_term_string"}}],"inLanguage":"ro-RO"},{"@type":"Organization","@id":"https:\/\/www.rhk-energy.com\/ro\/#organization","name":"RHK Energy Solutions","url":"https:\/\/www.rhk-energy.com\/ro\/","logo":{"@type":"ImageObject","inLanguage":"ro-RO","@id":"https:\/\/www.rhk-energy.com\/ro\/#\/schema\/logo\/image\/","url":"https:\/\/www.rhk-energy.com\/wp-content\/uploads\/2023\/03\/rhk-logo_weiss.png","contentUrl":"https:\/\/www.rhk-energy.com\/wp-content\/uploads\/2023\/03\/rhk-logo_weiss.png","width":2500,"height":1250,"caption":"RHK Energy Solutions"},"image":{"@id":"https:\/\/www.rhk-energy.com\/ro\/#\/schema\/logo\/image\/"}}]}},"_links":{"self":[{"href":"https:\/\/www.rhk-energy.com\/ro\/wp-json\/wp\/v2\/pages\/10896","targetHints":{"allow":["GET"]}}],"collection":[{"href":"https:\/\/www.rhk-energy.com\/ro\/wp-json\/wp\/v2\/pages"}],"about":[{"href":"https:\/\/www.rhk-energy.com\/ro\/wp-json\/wp\/v2\/types\/page"}],"author":[{"embeddable":true,"href":"https:\/\/www.rhk-energy.com\/ro\/wp-json\/wp\/v2\/users\/1"}],"replies":[{"embeddable":true,"href":"https:\/\/www.rhk-energy.com\/ro\/wp-json\/wp\/v2\/comments?post=10896"}],"version-history":[{"count":0,"href":"https:\/\/www.rhk-energy.com\/ro\/wp-json\/wp\/v2\/pages\/10896\/revisions"}],"wp:attachment":[{"href":"https:\/\/www.rhk-energy.com\/ro\/wp-json\/wp\/v2\/media?parent=10896"}],"curies":[{"name":"wp","href":"https:\/\/api.w.org\/{rel}","templated":true}]}}